{"id":878,"date":"2018-12-06T12:45:43","date_gmt":"2018-12-06T10:45:43","guid":{"rendered":"https:\/\/swacharity.eu\/?page_id=878"},"modified":"2026-02-09T01:01:25","modified_gmt":"2026-02-08T23:01:25","slug":"anneta","status":"publish","type":"page","link":"https:\/\/swacharity.eu\/et\/anneta\/","title":{"rendered":"Anneta"},"content":{"rendered":"<div class=\"fusion-fullwidth fullwidth-box fusion-builder-row-1 nonhundred-percent-fullwidth non-hundred-percent-height-scrolling fusion-equal-height-columns\" style=\"--awb-background-position:left top;--awb-border-sizes-top:0px;--awb-border-sizes-bottom:0px;--awb-border-sizes-left:0px;--awb-border-sizes-right:0px;--awb-border-radius-top-left:0px;--awb-border-radius-top-right:0px;--awb-border-radius-bottom-right:0px;--awb-border-radius-bottom-left:0px;--awb-padding-top:0px;--awb-padding-right:0px;--awb-padding-bottom:0px;--awb-padding-left:0px;--awb-margin-top:200px;--awb-margin-bottom:200px;--awb-flex-wrap:wrap;\" ><div class=\"fusion-builder-row fusion-row\"><div class=\"fusion-layout-column fusion_builder_column fusion-builder-column-0 fusion_builder_column_1_1 1_1 fusion-one-full fusion-column-first fusion-column-last\" style=\"--awb-padding-top:6%;--awb-padding-right:6%;--awb-padding-bottom:6%;--awb-padding-left:6%;--awb-bg-size:cover;--awb-margin-bottom:0px;\"><div class=\"fusion-column-wrapper fusion-flex-column-wrapper-legacy\"><div class=\"fusion-text fusion-text-1\"><h2 style=\"text-align: center;\"><strong>Sinu panus loeb<\/strong><\/h2>\n<p style=\"text-align: center;\">Heategevusfondi saab toetada annetades Sihtasutus Southwestern Advantage arvelduskontodele. Toetades valitud riigi kontot, j\u00e4\u00e4b sinu annetus toetama Eesti, L\u00e4ti, Leedu, Poola, v\u00f5i Slovakkia noori.<\/p>\n<p style=\"text-align: center;\">Ka k\u00fcmme eurot kuus on arvestatav panus, mis j\u00e4\u00e4b Ida-Euroopa noori ning majandust toetama igavesti. \u00dcheskoos saame luua midagi erakordset ning teha head igavesti!<\/p>\n<p style=\"text-align: center;\"><strong>SAAJA NIMI: Sihtasutus Southwestern Advantage<\/strong><\/p>\n<p style=\"text-align: center;\"><strong>EE347700771002507584 (EESTI)<\/strong><br \/>\n<strong>EE427700771003298669 (LA\u0308TI)<\/strong><br \/>\n<strong>EE957700771003298685 (LEEDU)<\/strong><br \/>\n<strong>EE357700771003298698 (POOLA)<\/strong><br \/>\n<strong>EE227700771003351409 (SLOVAKKIA)<br \/>\nEE537700771012316367 (UKRAINA)<br \/>\n<\/strong>AS LHV PANK<\/p>\n<p style=\"text-align: center;\"><b>SELGITUS: NIMI + annetus + (isikukood)<br \/>\n<\/b><\/p>\n<p style=\"text-align: center;\"><a href=\"https:\/\/www.lhv.ee\/\"><img decoding=\"async\" class=\"alignnone wp-image-1687 size-full aligncenter\" src=\"https:\/\/swacharity.eu\/wp-content\/uploads\/2021\/04\/2880px-Lhv-logo_2.svg-e1617359375279.png\" alt=\"\" width=\"75\" height=\"38\" \/><\/a><a href=\"http:\/\/https:\/\/www.swedbank.ee\/\"><img decoding=\"async\" class=\"wp-image-1693 size-full aligncenter\" src=\"https:\/\/swacharity.eu\/wp-content\/uploads\/2021\/04\/5a27d15c52b1cc0d022e6d89-e1617360378807.png\" alt=\"\" width=\"178\" height=\"38\" \/><\/a><a href=\"http:\/\/https:\/\/luminor.ee\/\"><img decoding=\"async\" class=\"aligncenter wp-image-1699 size-full\" src=\"https:\/\/swacharity.eu\/wp-content\/uploads\/2021\/04\/luminor-logo-transparent-e1617360747410.png\" alt=\"\" width=\"118\" height=\"38\" \/><\/a><a href=\"http:\/\/https:\/\/www.seb.ee\/\"><img decoding=\"async\" class=\"wp-image-1695 size-full aligncenter\" src=\"https:\/\/swacharity.eu\/wp-content\/uploads\/2021\/04\/5a27d03b52b1cc0d022e6d6d-e1617360581158.png\" alt=\"\" width=\"62\" height=\"38\" \/><\/a><\/p>\n<div class=\"wpb_column vc_column_container vc_col-sm-3\">\n<div class=\"vc_column-inner\">\n<div class=\"wpb_wrapper\">\n<div>\n<div class=\"wpb_column vc_column_container vc_col-sm-4\">\n<div class=\"vc_column-inner\">\n<div class=\"wpb_wrapper\">\n<div class=\"wpb_text_column wpb_content_element \">\n<div class=\"wpb_wrapper\">\n<div class=\"fusion-sep-clear\"><\/div><div class=\"fusion-separator fusion-full-width-sep\" style=\"margin-left: auto;margin-right: auto;width:100%;\"><div class=\"fusion-separator-border sep-single\" style=\"--awb-height:20px;--awb-amount:20px;border-color:#e0dede;border-top-width:1px;\"><\/div><\/div><div class=\"fusion-sep-clear\"><\/div><\/p>\n<p style=\"text-align: center;\"><em>Loome j\u00e4tkusuutlikku heategevusfondi, seega investeerime saadud annetused madala riskiga investeerimisintrumentidesse, mis toovad passiivset tulu. 50% passiivsest tulust suuname heategevusprojektidesse ning 50% taas investeeringutesse.<\/em><\/p>\n<p style=\"text-align: center;\"><em>Kuidas kasutame annetatud raha, saad lugeda <a href=\"https:\/\/swacharity.eu\/et\/charity\/\">siin.<\/a><\/em><\/p>\n<div class=\"fusion-sep-clear\"><\/div><div class=\"fusion-separator fusion-full-width-sep\" style=\"margin-left: auto;margin-right: auto;width:100%;\"><div class=\"fusion-separator-border sep-single\" style=\"--awb-height:20px;--awb-amount:20px;border-color:#e0dede;border-top-width:1px;\"><\/div><\/div><div class=\"fusion-sep-clear\"><\/div>\n<div class=\"uvc-main-heading ult-responsive\" data-ultimate-target=\".uvc-heading.ultimate-heading-16516066ee61acc11 h2\" data-responsive-json-new=\"{\">\n<div class=\"uvc-main-heading ult-responsive\" data-ultimate-target=\".uvc-heading.ultimate-heading-16516066ee61acc11 h2\" data-responsive-json-new=\"{\">\n<h2><\/h2>\n<h2 style=\"text-align: center;\"><strong>Kirjuta meile peale annetuse tegemist!<\/strong><\/h2>\n<p style=\"text-align: center;\">Anname kord kvartalis \u00fclevaate fondi arengutest ja tehtud heategudest. Seet\u00f5ttu soovime annatejad kutsuda Sihtasutuse toetajate gruppi ja emaili listi. Selleks saada palun meile enda nimi ja email.<\/p>\n<p style=\"text-align: center;\">Annetused on eraisikust annetajatele tulumaksuvabad ning v\u00f5imalik on annetada ka ettev\u00f5ttega. Et deklareerida eraisiku annetused tulumaksusoodustuse saamiseks, lisa palun oma isikukood.<\/p>\n<\/div>\n<\/div>\n<\/div>\n<\/div>\n<\/div>\n<\/div>\n<\/div>\n<\/div>\n<\/div>\n<\/div>\n<\/div>\n<\/div>\n<div class=\"wpcf7 no-js\" id=\"wpcf7-f1702-o1\" lang=\"et\" dir=\"ltr\">\n<div class=\"screen-reader-response\"><p role=\"status\" aria-live=\"polite\" aria-atomic=\"true\"><\/p> <ul><\/ul><\/div>\n<form action=\"\/et\/wp-json\/wp\/v2\/pages\/878#wpcf7-f1702-o1\" method=\"post\" class=\"wpcf7-form init\" aria-label=\"Contact form\" novalidate=\"novalidate\" data-status=\"init\">\n<div style=\"display: none;\">\n<input type=\"hidden\" name=\"_wpcf7\" value=\"1702\" \/>\n<input type=\"hidden\" name=\"_wpcf7_version\" value=\"5.9.4\" \/>\n<input type=\"hidden\" name=\"_wpcf7_locale\" value=\"et\" \/>\n<input type=\"hidden\" name=\"_wpcf7_unit_tag\" value=\"wpcf7-f1702-o1\" \/>\n<input type=\"hidden\" name=\"_wpcf7_container_post\" value=\"0\" \/>\n<input type=\"hidden\" name=\"_wpcf7_posted_data_hash\" value=\"\" \/>\n<input type=\"hidden\" name=\"_wpcf7_recaptcha_response\" value=\"\" \/>\n<\/div>\n<p><label> Nimi<br \/>\n<span class=\"wpcf7-form-control-wrap\" data-name=\"your-subject\"><input size=\"40\" class=\"wpcf7-form-control wpcf7-text wpcf7-validates-as-required\" aria-required=\"true\" aria-invalid=\"false\" value=\"\" type=\"text\" name=\"your-subject\" \/><\/span> <\/label>\n<\/p>\n<p><label> E-mail<br \/>\n<span class=\"wpcf7-form-control-wrap\" data-name=\"your-email\"><input size=\"40\" class=\"wpcf7-form-control wpcf7-email wpcf7-validates-as-required wpcf7-text wpcf7-validates-as-email\" aria-required=\"true\" aria-invalid=\"false\" value=\"\" type=\"email\" name=\"your-email\" \/><\/span> <\/label>\n<\/p>\n<p><label> Isikukood<br \/>\n<span class=\"wpcf7-form-control-wrap\" data-name=\"your-message\"><textarea cols=\"40\" rows=\"10\" class=\"wpcf7-form-control wpcf7-textarea wpcf7-validates-as-required\" aria-required=\"true\" aria-invalid=\"false\" name=\"your-message\"><\/textarea><\/span> <\/label>\n<\/p>\n<p><input class=\"wpcf7-form-control wpcf7-submit has-spinner\" type=\"submit\" value=\"Saada\" \/>\n<\/p><div class=\"fusion-alert alert custom alert-custom fusion-alert-center wpcf7-response-output awb-alert-native-link-color alert-dismissable awb-alert-close-boxed\" style=\"--awb-border-top-left-radius:0px;--awb-border-top-right-radius:0px;--awb-border-bottom-left-radius:0px;--awb-border-bottom-right-radius:0px;\" role=\"alert\"><div class=\"fusion-alert-content-wrapper\"><span class=\"fusion-alert-content\"><\/span><\/div><button type=\"button\" class=\"close toggle-alert\" data-dismiss=\"alert\" aria-label=\"Close\">&times;<\/button><\/div>\n<\/form>\n<\/div>\n<div class=\"fusion-clearfix\"><\/div><\/div><\/div><\/div><\/div>\n","protected":false},"excerpt":{"rendered":"","protected":false},"author":1,"featured_media":0,"parent":0,"menu_order":0,"comment_status":"closed","ping_status":"closed","template":"100-width.php","meta":{"_editorskit_title_hidden":false,"_editorskit_reading_time":0,"_editorskit_is_block_options_detached":false,"_editorskit_block_options_position":"{}","footnotes":""},"_links":{"self":[{"href":"https:\/\/swacharity.eu\/et\/wp-json\/wp\/v2\/pages\/878"}],"collection":[{"href":"https:\/\/swacharity.eu\/et\/wp-json\/wp\/v2\/pages"}],"about":[{"href":"https:\/\/swacharity.eu\/et\/wp-json\/wp\/v2\/types\/page"}],"author":[{"embeddable":true,"href":"https:\/\/swacharity.eu\/et\/wp-json\/wp\/v2\/users\/1"}],"replies":[{"embeddable":true,"href":"https:\/\/swacharity.eu\/et\/wp-json\/wp\/v2\/comments?post=878"}],"version-history":[{"count":23,"href":"https:\/\/swacharity.eu\/et\/wp-json\/wp\/v2\/pages\/878\/revisions"}],"predecessor-version":[{"id":3606,"href":"https:\/\/swacharity.eu\/et\/wp-json\/wp\/v2\/pages\/878\/revisions\/3606"}],"wp:attachment":[{"href":"https:\/\/swacharity.eu\/et\/wp-json\/wp\/v2\/media?parent=878"}],"curies":[{"name":"wp","href":"https:\/\/api.w.org\/{rel}","templated":true}]}}